{"id":1776,"date":"2025-08-10T18:53:46","date_gmt":"2025-08-10T17:53:46","guid":{"rendered":"https:\/\/darkorange-snake-642846.hostingersite.com\/?page_id=1776"},"modified":"2025-11-09T13:32:19","modified_gmt":"2025-11-09T12:32:19","slug":"mentions-legales","status":"publish","type":"page","link":"https:\/\/2alpes-snowboardschool.com\/it\/plan-du-site\/mentions-legales\/","title":{"rendered":"Informazioni legali"},"content":{"rendered":"<style>.kb-row-layout-id1776_549183-7b > .kt-row-column-wrap{align-content:start;}:where(.kb-row-layout-id1776_549183-7b > .kt-row-column-wrap) > .wp-block-kadence-column{justify-content:start;}.kb-row-layout-id1776_549183-7b > .kt-row-column-wrap{column-gap:var(--global-kb-gap-md, 2rem);row-gap:var(--global-kb-gap-md, 2rem);max-width:var( --global-content-width, 1290px );padding-left:var(--global-content-edge-padding);padding-right:var(--global-content-edge-padding);padding-top:250px;padding-bottom:180px;padding-left:30px;grid-template-columns:minmax(0, 1fr);}.kb-row-layout-id1776_549183-7b{background-image:url('https:\/\/2alpes-snowboardschool.com\/wp-content\/uploads\/2025\/08\/Vue-montagnes-glacier.png');background-size:cover;background-position:50% 40%;background-attachment:scroll;background-repeat:no-repeat;}.kb-row-layout-id1776_549183-7b > .kt-row-layout-overlay{opacity:0.15;background-color:#010fff;}.kb-row-layout-id1776_549183-7b .kt-row-layout-bottom-sep{height:185px;}.kb-row-layout-id1776_549183-7b .kt-row-layout-bottom-sep svg{width:140%;}.kb-row-layout-id1776_549183-7b .kt-row-layout-bottom-sep svg{fill:var(--global-palette9, #ffffff)!important;}@media all and (max-width: 1024px){.kb-row-layout-id1776_549183-7b > .kt-row-column-wrap{grid-template-columns:minmax(0, 1fr);}}@media all and (max-width: 1024px){.kb-row-layout-id1776_549183-7b .kt-row-layout-bottom-sep{height:px;}}@media all and (max-width: 1024px){.kb-row-layout-id1776_549183-7b .kt-row-layout-bottom-sep svg{width:%;}}@media all and (max-width: 767px){.kb-row-layout-id1776_549183-7b > .kt-row-column-wrap{grid-template-columns:minmax(0, 1fr);}.kb-row-layout-id1776_549183-7b .kt-row-layout-bottom-sep{height:px;}.kb-row-layout-id1776_549183-7b .kt-row-layout-bottom-sep svg{width:%;}}<\/style><div class=\"kb-row-layout-wrap kb-row-layout-id1776_549183-7b alignnone has-theme-palette3-background-color kt-row-has-bg wp-block-kadence-rowlayout\"><div class=\"kt-row-layout-overlay kt-row-overlay-normal\"><\/div><div class=\"kt-row-layout-bottom-sep kt-row-sep-type-mtns\"><svg viewbox=\"0 0 1000 100\" preserveaspectratio=\"none\"><path d=\"M1000,50l-182.69,-45.286l-292.031,61.197l-190.875,-41.075l-143.748,28.794l-190.656,-23.63l0,70l1000,0l0,-50Z\" style=\"opacity: 0.4\" \/><path d=\"M1000,57l-152.781,-22.589l-214.383,19.81l-159.318,-21.471l-177.44,25.875l-192.722,5.627l-103.356,-27.275l0,63.023l1000,0l0,-43Z\" \/><\/svg><\/div><div class=\"kt-row-column-wrap kt-has-1-columns kt-row-layout-equal kt-tab-layout-inherit kt-mobile-layout-row kt-row-valign-top kb-theme-content-width\">\n<style>.kadence-column1776_735070-77 > .kt-inside-inner-col,.kadence-column1776_735070-77 > .kt-inside-inner-col:before{border-top-left-radius:0px;border-top-right-radius:0px;border-bottom-right-radius:0px;border-bottom-left-radius:0px;}.kadence-column1776_735070-77 > .kt-inside-inner-col{column-gap:var(--global-kb-gap-sm, 1rem);}.kadence-column1776_735070-77 > .kt-inside-inner-col{flex-direction:column;}.kadence-column1776_735070-77 > .kt-inside-inner-col > .aligncenter{width:100%;}.kadence-column1776_735070-77 > .kt-inside-inner-col:before{opacity:0.3;}.kadence-column1776_735070-77{position:relative;}@media all and (max-width: 1024px){.kadence-column1776_735070-77 > .kt-inside-inner-col{flex-direction:column;justify-content:center;}}@media all and (max-width: 767px){.kadence-column1776_735070-77 > .kt-inside-inner-col{flex-direction:column;justify-content:center;}}<\/style>\n<div class=\"wp-block-kadence-column kadence-column1776_735070-77\"><div class=\"kt-inside-inner-col\"><\/div><\/div>\n\n<\/div><\/div>\n\n<style>.kb-row-layout-id1776_464146-35 > .kt-row-column-wrap{align-content:start;}:where(.kb-row-layout-id1776_464146-35 > .kt-row-column-wrap) > .wp-block-kadence-column{justify-content:start;}.kb-row-layout-id1776_464146-35 > .kt-row-column-wrap{column-gap:var(--global-kb-gap-md, 2rem);row-gap:var(--global-kb-gap-md, 2rem);padding-top:var(--global-kb-spacing-lg, 3rem);padding-right:var(--global-kb-spacing-md, 2rem);padding-bottom:var(--global-kb-spacing-sm, 1.5rem);padding-left:var(--global-kb-spacing-md, 2rem);grid-template-columns:minmax(0, 1fr);}.kb-row-layout-id1776_464146-35 > .kt-row-layout-overlay{opacity:0.30;}@media all and (max-width: 1024px){.kb-row-layout-id1776_464146-35 > .kt-row-column-wrap{grid-template-columns:minmax(0, 1fr);}}@media all and (max-width: 767px){.kb-row-layout-id1776_464146-35 > .kt-row-column-wrap{grid-template-columns:minmax(0, 1fr);}}<\/style><div class=\"kb-row-layout-wrap kb-row-layout-id1776_464146-35 alignnone wp-block-kadence-rowlayout\"><div class=\"kt-row-column-wrap kt-has-1-columns kt-row-layout-equal kt-tab-layout-inherit kt-mobile-layout-row kt-row-valign-top\">\n<style>.kadence-column1776_be8320-41 > .kt-inside-inner-col,.kadence-column1776_be8320-41 > .kt-inside-inner-col:before{border-top-left-radius:0px;border-top-right-radius:0px;border-bottom-right-radius:0px;border-bottom-left-radius:0px;}.kadence-column1776_be8320-41 > .kt-inside-inner-col{column-gap:var(--global-kb-gap-sm, 1rem);}.kadence-column1776_be8320-41 > .kt-inside-inner-col{flex-direction:column;}.kadence-column1776_be8320-41 > .kt-inside-inner-col > .aligncenter{width:100%;}.kadence-column1776_be8320-41 > .kt-inside-inner-col:before{opacity:0.3;}.kadence-column1776_be8320-41{position:relative;}@media all and (max-width: 1024px){.kadence-column1776_be8320-41 > .kt-inside-inner-col{flex-direction:column;justify-content:center;}}@media all and (max-width: 767px){.kadence-column1776_be8320-41 > .kt-inside-inner-col{flex-direction:column;justify-content:center;}}<\/style>\n<div class=\"wp-block-kadence-column kadence-column1776_be8320-41\"><div class=\"kt-inside-inner-col\">\n<h6 class=\"wp-block-heading\"><strong>Derni\u00e8re mise \u00e0 jour : 09\/11\/2025<\/strong><\/h6>\n\n\n\n<p>Conform\u00e9ment \u00e0 la loi n\u00b02004-575 du 21 juin 2004 pour la confiance dans l\u2019\u00e9conomie num\u00e9rique (LCEN), il est pr\u00e9cis\u00e9 aux utilisateurs du site&nbsp;<a class=\"\" href=\"https:\/\/2alpes-snowboardschool.com\/it\/\">2alpes-snowboardschool.com<\/a>&nbsp;l\u2019identit\u00e9 des diff\u00e9rents intervenants dans le cadre de sa r\u00e9alisation et de son suivi.<\/p>\n\n\n\n<hr class=\"wp-block-separator has-alpha-channel-opacity\"\/>\n\n\n\n<h4 class=\"wp-block-heading\">1. \u00c9diteur du site<\/h4>\n\n\n\n<p><strong>2 Alpes Snowboard School<\/strong><br>Soci\u00e9t\u00e9 par Actions Simplifi\u00e9e (SAS)<br>SIRET : 99342338300013<br>Si\u00e8ge social : 11 Rue des Sagnes, 38860 Les Deux Alpes, France<br>Adresse e-mail :&nbsp;<a>contact@2alpes-snowboardschool.com<\/a><br>Responsable de publication : C\u00e9line Ascioti<\/p>\n\n\n\n<hr class=\"wp-block-separator has-alpha-channel-opacity\"\/>\n\n\n\n<h4 class=\"wp-block-heading\">2. Contact<\/h4>\n\n\n\n<p>T\u00e9l\u00e9phone : 06 51 96 32 97<br>Email : contact@2alpes-snowboardachool.com<br>Formulaire de contact disponible sur le <a href=\"https:\/\/2alpes-snowboardschool.com\/it\/casa\/contatto\/\">site<\/a>.<\/p>\n\n\n\n<h4 class=\"wp-block-heading\">3. H\u00e9bergeur<\/h4>\n\n\n\n<p>Le site est h\u00e9berg\u00e9 par : <strong>Hostinger International Ltd.<\/strong><br>Site web :\u00a0<a class=\"\" href=\"https:\/\/www.hostinger.com\/\" target=\"_blank\" rel=\"noopener\">www.hostinger.com<\/a><\/p>\n\n\n\n<hr class=\"wp-block-separator has-alpha-channel-opacity\"\/>\n\n\n\n<h4 class=\"wp-block-heading\">4. Acitvivit\u00e9<\/h4>\n\n\n\n<p>L\u2019\u00c9cole 2 Alpes Snowboard School propose des cours de snowboard pour tous niveaux encadr\u00e9s par des moniteurs dipl\u00f4m\u00e9s, aux Deux Alpes et toutes autres prestations d\u00e9taill\u00e9es sur <a href=\"https:\/\/2alpes-snowboardschool.com\/it\/\">le site internet<\/a> de l\u2019\u00c9cole.<br><\/p>\n\n\n\n<h4 class=\"wp-block-heading\">5. Propri\u00e9t\u00e9 intellectuelle<\/h4>\n\n\n\n<p>Tous les contenus pr\u00e9sents sur ce site (textes, images, vid\u00e9os, logos, graphismes, documents t\u00e9l\u00e9chargeables\u2026) sont la propri\u00e9t\u00e9 exclusive de&nbsp;2 Alpes Snowboard School, sauf mentions contraires.<br>Toute reproduction, distribution, modification ou utilisation, m\u00eame partielle, sans autorisation \u00e9crite pr\u00e9alable est strictement interdite.<\/p>\n\n\n\n<hr class=\"wp-block-separator has-alpha-channel-opacity\"\/>\n\n\n\n<h4 class=\"wp-block-heading\">6. Donn\u00e9es personnelles <\/h4>\n\n\n\n<p>Les donn\u00e9es personnelles collect\u00e9es via ce site sont trait\u00e9es conform\u00e9ment \u00e0 notre politique de confidentialit\u00e9, en respect du R\u00e8glement G\u00e9n\u00e9ral sur la Protection des Donn\u00e9es (RGPD).<\/p>\n\n\n\n<h4 class=\"wp-block-heading\">7. Responsabilit\u00e9<\/h4>\n\n\n\n<p>Malgr\u00e9 tous les soins apport\u00e9s,&nbsp;2 Alpes Snowboard School&nbsp;ne saurait \u00eatre tenu responsable des erreurs, omissions ou r\u00e9sultats li\u00e9s \u00e0 un mauvais usage du site.<br>L\u2019acc\u00e8s au site est possible 24h\/24, 7j\/7, sauf interruption technique ind\u00e9pendante de notre volont\u00e9.<\/p>\n<\/div><\/div>\n\n<\/div><\/div>","protected":false},"excerpt":{"rendered":"<p>Derni\u00e8re mise \u00e0 jour : 09\/11\/2025 Conform\u00e9ment \u00e0 la loi n\u00b02004-575 du 21 juin 2004 pour la confiance dans l\u2019\u00e9conomie num\u00e9rique (LCEN), il est pr\u00e9cis\u00e9 aux utilisateurs du site&nbsp;2alpes-snowboardschool.com&nbsp;l\u2019identit\u00e9 des diff\u00e9rents intervenants dans le cadre de sa r\u00e9alisation et de son suivi. 1. \u00c9diteur du site 2 Alpes Snowboard SchoolSoci\u00e9t\u00e9 par Actions Simplifi\u00e9e (SAS)SIRET :&#8230;<\/p>","protected":false},"author":1,"featured_media":0,"parent":3725,"menu_order":0,"comment_status":"closed","ping_status":"closed","template":"","meta":{"_kad_post_transparent":"","_kad_post_title":"","_kad_post_layout":"","_kad_post_sidebar_id":"","_kad_post_content_style":"","_kad_post_vertical_padding":"","_kad_post_feature":"","_kad_post_feature_position":"","_kad_post_header":false,"_kad_post_footer":false,"_kad_post_classname":"","footnotes":""},"class_list":["post-1776","page","type-page","status-publish","hentry"],"pbg_featured_image_src":{"full":false,"thumbnail":false,"medium":false,"medium_large":false,"large":false,"1536x1536":false,"2048x2048":false,"trp-custom-language-flag":false},"pbg_author_info":{"display_name":"S\u00e9bastien","author_link":"https:\/\/2alpes-snowboardschool.com\/it\/author\/sebastien-devillers74gmail-com\/","author_img":"<img alt='S\u00e9bastien' src='https:\/\/secure.gravatar.com\/avatar\/dc7b915571cb88b73228a97cde4f26aa66c84fe954f768c9997fbb0d14f1ef43?s=128&#038;d=mm&#038;r=g' srcset='https:\/\/secure.gravatar.com\/avatar\/dc7b915571cb88b73228a97cde4f26aa66c84fe954f768c9997fbb0d14f1ef43?s=256&#038;d=mm&#038;r=g 2x' class='avatar avatar-128 photo' height='128' width='128' loading='lazy' decoding='async'\/>"},"pbg_comment_info":" No Comments","pbg_excerpt":"Derni\u00e8re mise \u00e0 jour : 09\/11\/2025 Conform\u00e9ment \u00e0 la loi n\u00b02004-575 du 21 juin 2004 pour la confiance dans l\u2019\u00e9conomie num\u00e9rique (LCEN), il est pr\u00e9cis\u00e9 aux utilisateurs du site&nbsp;2alpes-snowboardschool.com&nbsp;l\u2019identit\u00e9 des diff\u00e9rents intervenants dans le cadre de sa r\u00e9alisation et de son suivi. 1. \u00c9diteur du site 2 Alpes Snowboard SchoolSoci\u00e9t\u00e9 par Actions Simplifi\u00e9e (SAS)SIRET :...","_links":{"self":[{"href":"https:\/\/2alpes-snowboardschool.com\/it\/wp-json\/wp\/v2\/pages\/1776","targetHints":{"allow":["GET"]}}],"collection":[{"href":"https:\/\/2alpes-snowboardschool.com\/it\/wp-json\/wp\/v2\/pages"}],"about":[{"href":"https:\/\/2alpes-snowboardschool.com\/it\/wp-json\/wp\/v2\/types\/page"}],"author":[{"embeddable":true,"href":"https:\/\/2alpes-snowboardschool.com\/it\/wp-json\/wp\/v2\/users\/1"}],"replies":[{"embeddable":true,"href":"https:\/\/2alpes-snowboardschool.com\/it\/wp-json\/wp\/v2\/comments?post=1776"}],"version-history":[{"count":18,"href":"https:\/\/2alpes-snowboardschool.com\/it\/wp-json\/wp\/v2\/pages\/1776\/revisions"}],"predecessor-version":[{"id":4687,"href":"https:\/\/2alpes-snowboardschool.com\/it\/wp-json\/wp\/v2\/pages\/1776\/revisions\/4687"}],"up":[{"embeddable":true,"href":"https:\/\/2alpes-snowboardschool.com\/it\/wp-json\/wp\/v2\/pages\/3725"}],"wp:attachment":[{"href":"https:\/\/2alpes-snowboardschool.com\/it\/wp-json\/wp\/v2\/media?parent=1776"}],"curies":[{"name":"wp","href":"https:\/\/api.w.org\/{rel}","templated":true}]}}