{"id":3,"date":"2025-07-23T13:26:08","date_gmt":"2025-07-23T13:26:08","guid":{"rendered":"http:\/\/2alpes-snowboardschool.com\/?page_id=3"},"modified":"2025-11-09T14:21:21","modified_gmt":"2025-11-09T13:21:21","slug":"politique-de-confidentialite","status":"publish","type":"page","link":"https:\/\/2alpes-snowboardschool.com\/es\/plan-du-site\/politique-de-confidentialite\/","title":{"rendered":"Pol\u00edtica de privacidad"},"content":{"rendered":"<style>.kb-row-layout-id3_80d57a-88 > .kt-row-column-wrap{align-content:start;}:where(.kb-row-layout-id3_80d57a-88 > .kt-row-column-wrap) > .wp-block-kadence-column{justify-content:start;}.kb-row-layout-id3_80d57a-88 > .kt-row-column-wrap{column-gap:var(--global-kb-gap-md, 2rem);row-gap:var(--global-kb-gap-md, 2rem);max-width:var( --global-content-width, 1290px );padding-left:var(--global-content-edge-padding);padding-right:var(--global-content-edge-padding);padding-top:250px;padding-bottom:180px;padding-left:30px;grid-template-columns:minmax(0, 1fr);}.kb-row-layout-id3_80d57a-88{background-image:url('https:\/\/2alpes-snowboardschool.com\/wp-content\/uploads\/2025\/08\/Vue-montagnes-glacier.png');background-size:cover;background-position:50% 39%;background-attachment:scroll;background-repeat:no-repeat;}.kb-row-layout-id3_80d57a-88 > .kt-row-layout-overlay{opacity:0.15;background-color:#010fff;}.kb-row-layout-id3_80d57a-88 .kt-row-layout-bottom-sep{height:185px;}.kb-row-layout-id3_80d57a-88 .kt-row-layout-bottom-sep svg{width:140%;}.kb-row-layout-id3_80d57a-88 .kt-row-layout-bottom-sep svg{fill:var(--global-palette9, #ffffff)!important;}@media all and (max-width: 1024px){.kb-row-layout-id3_80d57a-88 > .kt-row-column-wrap{grid-template-columns:minmax(0, 1fr);}}@media all and (max-width: 1024px){.kb-row-layout-id3_80d57a-88 .kt-row-layout-bottom-sep{height:px;}}@media all and (max-width: 1024px){.kb-row-layout-id3_80d57a-88 .kt-row-layout-bottom-sep svg{width:%;}}@media all and (max-width: 767px){.kb-row-layout-id3_80d57a-88 > .kt-row-column-wrap{grid-template-columns:minmax(0, 1fr);}.kb-row-layout-id3_80d57a-88 .kt-row-layout-bottom-sep{height:px;}.kb-row-layout-id3_80d57a-88 .kt-row-layout-bottom-sep svg{width:%;}}<\/style><div class=\"kb-row-layout-wrap kb-row-layout-id3_80d57a-88 alignnone has-theme-palette3-background-color kt-row-has-bg wp-block-kadence-rowlayout\"><div class=\"kt-row-layout-overlay kt-row-overlay-normal\"><\/div><div class=\"kt-row-layout-bottom-sep kt-row-sep-type-mtns\"><svg viewbox=\"0 0 1000 100\" preserveaspectratio=\"none\"><path d=\"M1000,50l-182.69,-45.286l-292.031,61.197l-190.875,-41.075l-143.748,28.794l-190.656,-23.63l0,70l1000,0l0,-50Z\" style=\"opacity: 0.4\" \/><path d=\"M1000,57l-152.781,-22.589l-214.383,19.81l-159.318,-21.471l-177.44,25.875l-192.722,5.627l-103.356,-27.275l0,63.023l1000,0l0,-43Z\" \/><\/svg><\/div><div class=\"kt-row-column-wrap kt-has-1-columns kt-row-layout-equal kt-tab-layout-inherit kt-mobile-layout-row kt-row-valign-top kb-theme-content-width\">\n<style>.kadence-column3_c6f189-53 > .kt-inside-inner-col,.kadence-column3_c6f189-53 > .kt-inside-inner-col:before{border-top-left-radius:0px;border-top-right-radius:0px;border-bottom-right-radius:0px;border-bottom-left-radius:0px;}.kadence-column3_c6f189-53 > .kt-inside-inner-col{column-gap:var(--global-kb-gap-sm, 1rem);}.kadence-column3_c6f189-53 > .kt-inside-inner-col{flex-direction:column;}.kadence-column3_c6f189-53 > .kt-inside-inner-col > .aligncenter{width:100%;}.kadence-column3_c6f189-53 > .kt-inside-inner-col:before{opacity:0.3;}.kadence-column3_c6f189-53{position:relative;}@media all and (max-width: 1024px){.kadence-column3_c6f189-53 > .kt-inside-inner-col{flex-direction:column;justify-content:center;}}@media all and (max-width: 767px){.kadence-column3_c6f189-53 > .kt-inside-inner-col{flex-direction:column;justify-content:center;}}<\/style>\n<div class=\"wp-block-kadence-column kadence-column3_c6f189-53 inner-column-1\"><div class=\"kt-inside-inner-col\"><\/div><\/div>\n\n<\/div><\/div>\n\n<style>.kb-row-layout-id3_233905-bf > .kt-row-column-wrap{align-content:start;}:where(.kb-row-layout-id3_233905-bf > .kt-row-column-wrap) > .wp-block-kadence-column{justify-content:start;}.kb-row-layout-id3_233905-bf > .kt-row-column-wrap{column-gap:var(--global-kb-gap-md, 2rem);row-gap:var(--global-kb-gap-md, 2rem);padding-top:var(--global-kb-spacing-lg, 3rem);padding-right:var(--global-kb-spacing-md, 2rem);padding-bottom:var(--global-kb-spacing-sm, 1.5rem);padding-left:var(--global-kb-spacing-md, 2rem);grid-template-columns:minmax(0, 1fr);}.kb-row-layout-id3_233905-bf > .kt-row-layout-overlay{opacity:0.30;}@media all and (max-width: 1024px){.kb-row-layout-id3_233905-bf > .kt-row-column-wrap{grid-template-columns:minmax(0, 1fr);}}@media all and (max-width: 767px){.kb-row-layout-id3_233905-bf > .kt-row-column-wrap{grid-template-columns:minmax(0, 1fr);}}<\/style><div class=\"kb-row-layout-wrap kb-row-layout-id3_233905-bf alignnone wp-block-kadence-rowlayout\"><div class=\"kt-row-column-wrap kt-has-1-columns kt-row-layout-equal kt-tab-layout-inherit kt-mobile-layout-row kt-row-valign-top\">\n<style>.kadence-column3_ae093b-56 > .kt-inside-inner-col,.kadence-column3_ae093b-56 > .kt-inside-inner-col:before{border-top-left-radius:0px;border-top-right-radius:0px;border-bottom-right-radius:0px;border-bottom-left-radius:0px;}.kadence-column3_ae093b-56 > .kt-inside-inner-col{column-gap:var(--global-kb-gap-sm, 1rem);}.kadence-column3_ae093b-56 > .kt-inside-inner-col{flex-direction:column;}.kadence-column3_ae093b-56 > .kt-inside-inner-col > .aligncenter{width:100%;}.kadence-column3_ae093b-56 > .kt-inside-inner-col:before{opacity:0.3;}.kadence-column3_ae093b-56{position:relative;}@media all and (max-width: 1024px){.kadence-column3_ae093b-56 > .kt-inside-inner-col{flex-direction:column;justify-content:center;}}@media all and (max-width: 767px){.kadence-column3_ae093b-56 > .kt-inside-inner-col{flex-direction:column;justify-content:center;}}<\/style>\n<div class=\"wp-block-kadence-column kadence-column3_ae093b-56\"><div class=\"kt-inside-inner-col\">\n<h6 class=\"wp-block-heading\"><strong>Derni\u00e8re mise \u00e0 jour : 09\/11\/2025<\/strong><\/h6>\n\n\n\n<p>Chez&nbsp;2 Alpes Snowboard School, la protection de vos donn\u00e9es personnelles est une priorit\u00e9. Cette politique vous explique comment nous collectons, utilisons et prot\u00e9geons vos informations.<\/p>\n\n\n\n<hr class=\"wp-block-separator has-alpha-channel-opacity\"\/>\n\n\n\n<h4 class=\"wp-block-heading\">1. Qui sommes-nous ?<\/h4>\n\n\n\n<p><strong>2 Alpes Snowboard School<\/strong><br>11 Rue des Sagnes, 38860 Les Deux Alpes, France<br>Email :&nbsp;<a href=\"\/es\/contact@2alpes-snowboardschool.com\/\">contact@2alpes-snowboardschool.com<\/a><br>SIRET : 99342338300013<\/p>\n\n\n\n<p>Nous sommes responsables du traitement des donn\u00e9es que vous nous transmettez dans le cadre de votre utilisation de notre site et de nos services.<\/p>\n\n\n\n<hr class=\"wp-block-separator has-alpha-channel-opacity\"\/>\n\n\n\n<h4 class=\"wp-block-heading\">2. Quelles donn\u00e9es collectons-nous ?<\/h4>\n\n\n\n<p>Nous collectons uniquement les donn\u00e9es n\u00e9cessaires \u00e0 :<\/p>\n\n\n\n<ul class=\"wp-block-list\">\n<li>La gestion des r\u00e9servations de cours et stages<\/li>\n\n\n\n<li>La communication avec nos clients<\/li>\n<\/ul>\n\n\n\n<p>Les donn\u00e9es peuvent inclure : nom, pr\u00e9nom, email, adresse postale, num\u00e9ro de t\u00e9l\u00e9phone, date de naissance, informations sur le paiement et pr\u00e9f\u00e9rences de cours.<\/p>\n\n\n\n<hr class=\"wp-block-separator has-alpha-channel-opacity\"\/>\n\n\n\n<h4 class=\"wp-block-heading\">3. Pourquoi collectons-nous ces donn\u00e9es ?<\/h4>\n\n\n\n<p>Vos donn\u00e9es sont utilis\u00e9es uniquement dans le cadre des finalit\u00e9s suivantes :<\/p>\n\n\n\n<ul class=\"wp-block-list\">\n<li>Gestion des r\u00e9servations et des comptes clients<\/li>\n\n\n\n<li>Suivi de la relation client (avant ou apr\u00e8s un cours)<\/li>\n\n\n\n<li>Optimisation du site via des outils de r\u00e9f\u00e9rencement (ex. : RankMath SEO)<\/li>\n\n\n\n<li>L\u2019envoi d\u2019informations sur nos activit\u00e9s, offres commerciales et \u00e9v\u00e9nements (avec consentement pr\u00e9alable)<\/li>\n<\/ul>\n\n\n\n<p>Nous ne vendons ni ne partageons vos donn\u00e9es personnelles avec des tiers.<\/p>\n\n\n\n<hr class=\"wp-block-separator has-alpha-channel-opacity\"\/>\n\n\n\n<h4 class=\"wp-block-heading\">4. Combien de temps sont-elles conserv\u00e9es ?<\/h4>\n\n\n\n<p>Vos donn\u00e9es sont conserv\u00e9es&nbsp;sans limite de dur\u00e9e, sauf si vous en demandez la suppression.<br>Vous pouvez en faire la demande :<\/p>\n\n\n\n<ul class=\"wp-block-list\">\n<li>Par le biais du formulaire&nbsp;\u201cContact\u201d&nbsp;sur <a href=\"https:\/\/2alpes-snowboardschool.com\/es\/\">notre site<\/a><\/li>\n\n\n\n<li>Ou par mail  en demandant un accus\u00e9 r\u00e9ception : contact@2alpes-snowboardschool.com <\/li>\n<\/ul>\n\n\n\n<hr class=\"wp-block-separator has-alpha-channel-opacity\"\/>\n\n\n\n<h4 class=\"wp-block-heading\">5. Avec qui partageons-nous vos donn\u00e9es ?<\/h4>\n\n\n\n<p>Nous partageons certaines donn\u00e9es strictement n\u00e9cessaires avec <strong>Stripe<\/strong>, notre prestataire de paiement s\u00e9curis\u00e9, dans le cadre des paiements en ligne.<\/p>\n\n\n\n<p>Aucun autre transfert ou partage n\u2019est effectu\u00e9 sans votre consentement.<\/p>\n\n\n\n<hr class=\"wp-block-separator has-alpha-channel-opacity\"\/>\n\n\n\n<h4 class=\"wp-block-heading\">6. Vos droits<\/h4>\n\n\n\n<p>Conform\u00e9ment au&nbsp;<strong>R\u00e8glement G\u00e9n\u00e9ral sur la Protection des Donn\u00e9es (RGPD)<\/strong>, vous disposez des droits suivants :<\/p>\n\n\n\n<ul class=\"wp-block-list\">\n<li>Acc\u00e8s \u00e0 vos donn\u00e9es personnelles<\/li>\n\n\n\n<li>Rectification ou mise \u00e0 jour de donn\u00e9es inexactes <\/li>\n\n\n\n<li>Effacement des donn\u00e9es (\u00ab droit \u00e0 l\u2019oubli \u00bb)<\/li>\n\n\n\n<li>Limitation du traitement<\/li>\n\n\n\n<li>Portabilit\u00e9  des donn\u00e9es (sur demande)<\/li>\n\n\n\n<li>Opposition ou retrait du consentement (dans certains cas)<\/li>\n<\/ul>\n\n\n\n<p>Pour exercer ces droits, contactez-nous par email \u00e0 :&nbsp;<strong><a href=\"\/es\/contact@2alpes-snowboardschool.com\/\">contact@2alpes-snowboardschool.com<\/a><\/strong><\/p>\n\n\n\n<hr class=\"wp-block-separator has-alpha-channel-opacity\"\/>\n\n\n\n<h4 class=\"wp-block-heading\">7. Cookies<\/h4>\n\n\n\n<p>Nous utilisons des&nbsp;<strong>cookies analytiques<\/strong>&nbsp;pour am\u00e9liorer les performances de notre site et analyser l\u2019audience.<br>Un bandeau de consentement est affich\u00e9 lors de votre premi\u00e8re visite.<\/p>\n\n\n\n<p>Vous pouvez \u00e0 tout moment modifier ou retirer votre consentement via les param\u00e8tres de votre navigateur.<\/p>\n\n\n\n<hr class=\"wp-block-separator has-alpha-channel-opacity\"\/>\n\n\n\n<h4 class=\"wp-block-heading\">8. Droit \u00e0 l&rsquo;image<\/h4>\n\n\n\n<p>L\u2019\u00c9cole de Snowboard 2 Alpes Snowboard School, peut r\u00e9aliser des photos et vid\u00e9os pendant les cours ou activit\u00e9s.<br>Ces images peuvent \u00eatre utilis\u00e9es pour la communication de l\u2019\u00c9cole (site internet, r\u00e9seaux sociaux, supports promotionnels) uniquement avec le consentement pr\u00e9alable du participant ou de son repr\u00e9sentant l\u00e9gal pour les mineurs.<\/p>\n\n\n\n<p>Le participant peut retirer son consentement \u00e0 tout moment en contactant l\u2019\u00c9cole \u00e0 contact@2alpes-snowboardschool.com. Les images concern\u00e9es seront alors retir\u00e9es ou supprim\u00e9es dans la mesure du possible.<\/p>\n\n\n\n<h4 class=\"wp-block-heading\">9. Cookies<\/h4>\n\n\n\n<p>Nous utilisons des&nbsp;cookies analytiques&nbsp;pour am\u00e9liorer les performances de notre site et analyser l\u2019audience.<br>Un bandeau de consentement est affich\u00e9 lors de votre premi\u00e8re visite.<\/p>\n\n\n\n<p>Vous pouvez \u00e0 tout moment modifier ou retirer votre consentement via les param\u00e8tres de votre navigateur.<\/p>\n\n\n\n<h4 class=\"wp-block-heading\">9. S\u00e9curit\u00e9<\/h4>\n\n\n\n<p>Nous mettons en place des mesures techniques et organisationnelles pour prot\u00e9ger vos donn\u00e9es contre l\u2019acc\u00e8s non autoris\u00e9, la perte ou la divulgation.<\/p>\n\n\n\n<hr class=\"wp-block-separator has-alpha-channel-opacity\"\/>\n\n\n\n<h4 class=\"wp-block-heading\">10. Mise \u00e0 jour de cette politique<\/h4>\n\n\n\n<p>Cette politique peut \u00eatre mise \u00e0 jour \u00e0 tout moment, notamment en cas d\u2019\u00e9volution l\u00e9gale ou technique.<br>La date de mise \u00e0 jour est affich\u00e9e en haut de cette page.<\/p>\n<\/div><\/div>\n\n<\/div><\/div>\n\n\n<p><\/p>","protected":false},"excerpt":{"rendered":"<p>Derni\u00e8re mise \u00e0 jour : 09\/11\/2025 Chez&nbsp;2 Alpes Snowboard School, la protection de vos donn\u00e9es personnelles est une priorit\u00e9. Cette politique vous explique comment nous collectons, utilisons et prot\u00e9geons vos informations. 1. Qui sommes-nous ? 2 Alpes Snowboard School11 Rue des Sagnes, 38860 Les Deux Alpes, FranceEmail :&nbsp;contact@2alpes-snowboardschool.comSIRET : 99342338300013 Nous sommes responsables du traitement&#8230;<\/p>","protected":false},"author":1,"featured_media":0,"parent":3725,"menu_order":0,"comment_status":"closed","ping_status":"closed","template":"","meta":{"_kad_post_transparent":"enable","_kad_post_title":"hide","_kad_post_layout":"fullwidth","_kad_post_sidebar_id":"","_kad_post_content_style":"unboxed","_kad_post_vertical_padding":"","_kad_post_feature":"","_kad_post_feature_position":"","_kad_post_header":false,"_kad_post_footer":false,"_kad_post_classname":"","footnotes":""},"class_list":["post-3","page","type-page","status-publish","hentry"],"pbg_featured_image_src":{"full":false,"thumbnail":false,"medium":false,"medium_large":false,"large":false,"1536x1536":false,"2048x2048":false,"trp-custom-language-flag":false},"pbg_author_info":{"display_name":"S\u00e9bastien","author_link":"https:\/\/2alpes-snowboardschool.com\/es\/author\/sebastien-devillers74gmail-com\/","author_img":"<img alt='S\u00e9bastien' src='https:\/\/secure.gravatar.com\/avatar\/dc7b915571cb88b73228a97cde4f26aa66c84fe954f768c9997fbb0d14f1ef43?s=128&#038;d=mm&#038;r=g' srcset='https:\/\/secure.gravatar.com\/avatar\/dc7b915571cb88b73228a97cde4f26aa66c84fe954f768c9997fbb0d14f1ef43?s=256&#038;d=mm&#038;r=g 2x' class='avatar avatar-128 photo' height='128' width='128' loading='lazy' decoding='async'\/>"},"pbg_comment_info":" No Comments","pbg_excerpt":"Derni\u00e8re mise \u00e0 jour : 09\/11\/2025 Chez&nbsp;2 Alpes Snowboard School, la protection de vos donn\u00e9es personnelles est une priorit\u00e9. Cette politique vous explique comment nous collectons, utilisons et prot\u00e9geons vos informations. 1. Qui sommes-nous ? 2 Alpes Snowboard School11 Rue des Sagnes, 38860 Les Deux Alpes, FranceEmail :&nbsp;contact@2alpes-snowboardschool.comSIRET : 99342338300013 Nous sommes responsables du traitement...","_links":{"self":[{"href":"https:\/\/2alpes-snowboardschool.com\/es\/wp-json\/wp\/v2\/pages\/3","targetHints":{"allow":["GET"]}}],"collection":[{"href":"https:\/\/2alpes-snowboardschool.com\/es\/wp-json\/wp\/v2\/pages"}],"about":[{"href":"https:\/\/2alpes-snowboardschool.com\/es\/wp-json\/wp\/v2\/types\/page"}],"author":[{"embeddable":true,"href":"https:\/\/2alpes-snowboardschool.com\/es\/wp-json\/wp\/v2\/users\/1"}],"replies":[{"embeddable":true,"href":"https:\/\/2alpes-snowboardschool.com\/es\/wp-json\/wp\/v2\/comments?post=3"}],"version-history":[{"count":31,"href":"https:\/\/2alpes-snowboardschool.com\/es\/wp-json\/wp\/v2\/pages\/3\/revisions"}],"predecessor-version":[{"id":4718,"href":"https:\/\/2alpes-snowboardschool.com\/es\/wp-json\/wp\/v2\/pages\/3\/revisions\/4718"}],"up":[{"embeddable":true,"href":"https:\/\/2alpes-snowboardschool.com\/es\/wp-json\/wp\/v2\/pages\/3725"}],"wp:attachment":[{"href":"https:\/\/2alpes-snowboardschool.com\/es\/wp-json\/wp\/v2\/media?parent=3"}],"curies":[{"name":"wp","href":"https:\/\/api.w.org\/{rel}","templated":true}]}}