{"id":5554,"date":"2025-11-29T18:20:09","date_gmt":"2025-11-29T17:20:09","guid":{"rendered":"https:\/\/2alpes-snowboardschool.com\/?page_id=5554"},"modified":"2025-11-29T18:43:52","modified_gmt":"2025-11-29T17:43:52","slug":"payment-confirmation","status":"publish","type":"page","link":"https:\/\/2alpes-snowboardschool.com\/en\/confirmation-de-paiement\/","title":{"rendered":"Confirmation de paiement"},"content":{"rendered":"<style>.kb-row-layout-id5554_c7dbb8-18 > .kt-row-column-wrap{align-content:start;}:where(.kb-row-layout-id5554_c7dbb8-18 > .kt-row-column-wrap) > .wp-block-kadence-column{justify-content:start;}.kb-row-layout-id5554_c7dbb8-18 > .kt-row-column-wrap{column-gap:var(--global-kb-gap-md, 2rem);row-gap:var(--global-kb-gap-md, 2rem);max-width:var( --global-content-width, 1290px );padding-left:var(--global-content-edge-padding);padding-right:var(--global-content-edge-padding);padding-top:250px;padding-bottom:180px;padding-left:30px;grid-template-columns:minmax(0, 1fr);}.kb-row-layout-id5554_c7dbb8-18{background-image:url('https:\/\/2alpes-snowboardschool.com\/wp-content\/uploads\/2025\/08\/Vue-montagnes-glacier.png');background-size:cover;background-position:50% 39%;background-attachment:scroll;background-repeat:no-repeat;}.kb-row-layout-id5554_c7dbb8-18 > .kt-row-layout-overlay{opacity:0.15;background-color:#010fff;}.kb-row-layout-id5554_c7dbb8-18 .kt-row-layout-bottom-sep{height:185px;}.kb-row-layout-id5554_c7dbb8-18 .kt-row-layout-bottom-sep svg{width:140%;}.kb-row-layout-id5554_c7dbb8-18 .kt-row-layout-bottom-sep svg{fill:var(--global-palette9, #ffffff)!important;}@media all and (max-width: 1024px){.kb-row-layout-id5554_c7dbb8-18 > .kt-row-column-wrap{grid-template-columns:minmax(0, 1fr);}}@media all and (max-width: 1024px){.kb-row-layout-id5554_c7dbb8-18 .kt-row-layout-bottom-sep{height:px;}}@media all and (max-width: 1024px){.kb-row-layout-id5554_c7dbb8-18 .kt-row-layout-bottom-sep svg{width:%;}}@media all and (max-width: 767px){.kb-row-layout-id5554_c7dbb8-18 > .kt-row-column-wrap{padding-top:250px;grid-template-columns:minmax(0, 1fr);}.kb-row-layout-id5554_c7dbb8-18 .kt-row-layout-bottom-sep{height:px;}.kb-row-layout-id5554_c7dbb8-18 .kt-row-layout-bottom-sep svg{width:%;}.kb-row-layout-id5554_c7dbb8-18{display:none !important;}}<\/style><div class=\"kb-row-layout-wrap kb-row-layout-id5554_c7dbb8-18 alignnone kb-v-sm-hidden has-theme-palette3-background-color kt-row-has-bg wp-block-kadence-rowlayout\"><div class=\"kt-row-layout-overlay kt-row-overlay-normal\"><\/div><div class=\"kt-row-layout-bottom-sep kt-row-sep-type-mtns\"><svg viewbox=\"0 0 1000 100\" preserveaspectratio=\"none\"><path d=\"M1000,50l-182.69,-45.286l-292.031,61.197l-190.875,-41.075l-143.748,28.794l-190.656,-23.63l0,70l1000,0l0,-50Z\" style=\"opacity: 0.4\" \/><path d=\"M1000,57l-152.781,-22.589l-214.383,19.81l-159.318,-21.471l-177.44,25.875l-192.722,5.627l-103.356,-27.275l0,63.023l1000,0l0,-43Z\" \/><\/svg><\/div><div class=\"kt-row-column-wrap kt-has-1-columns kt-row-layout-equal kt-tab-layout-inherit kt-mobile-layout-row kt-row-valign-top kb-theme-content-width\">\n<style>.kadence-column5554_d8e959-61 > .kt-inside-inner-col,.kadence-column5554_d8e959-61 > .kt-inside-inner-col:before{border-top-left-radius:0px;border-top-right-radius:0px;border-bottom-right-radius:0px;border-bottom-left-radius:0px;}.kadence-column5554_d8e959-61 > .kt-inside-inner-col{column-gap:var(--global-kb-gap-sm, 1rem);}.kadence-column5554_d8e959-61 > .kt-inside-inner-col{flex-direction:column;}.kadence-column5554_d8e959-61 > .kt-inside-inner-col > .aligncenter{width:100%;}.kadence-column5554_d8e959-61 > .kt-inside-inner-col:before{opacity:0.3;}.kadence-column5554_d8e959-61{position:relative;}@media all and (max-width: 1024px){.kadence-column5554_d8e959-61 > .kt-inside-inner-col{flex-direction:column;justify-content:center;}}@media all and (max-width: 767px){.kadence-column5554_d8e959-61 > .kt-inside-inner-col{flex-direction:column;justify-content:center;}}<\/style>\n<div class=\"wp-block-kadence-column kadence-column5554_d8e959-61 inner-column-1\"><div class=\"kt-inside-inner-col\"><\/div><\/div>\n\n<\/div><\/div>\n\n<style>.kb-row-layout-id5554_a50187-7b > .kt-row-column-wrap{align-content:start;}:where(.kb-row-layout-id5554_a50187-7b > .kt-row-column-wrap) > .wp-block-kadence-column{justify-content:start;}.kb-row-layout-id5554_a50187-7b > .kt-row-column-wrap{column-gap:var(--global-kb-gap-md, 2rem);row-gap:var(--global-kb-gap-md, 2rem);padding-top:0px;padding-right:var(--global-kb-spacing-xl, 4rem);padding-bottom:var(--global-kb-spacing-sm, 1.5rem);padding-left:var(--global-kb-spacing-xl, 4rem);grid-template-columns:minmax(0, calc(30% - ((var(--global-kb-gap-md, 2rem) * 1 )\/2)))minmax(0, calc(70% - ((var(--global-kb-gap-md, 2rem) * 1 )\/2)));}.kb-row-layout-id5554_a50187-7b > .kt-row-layout-overlay{opacity:0.30;}@media all and (max-width: 1024px){.kb-row-layout-id5554_a50187-7b > .kt-row-column-wrap{padding-top:0px;padding-right:var(--global-kb-spacing-xxs, 0.5rem);padding-left:var(--global-kb-spacing-xxs, 0.5rem);grid-template-columns:repeat(2, minmax(0, 1fr));}}@media all and (max-width: 767px){.kb-row-layout-id5554_a50187-7b > .kt-row-column-wrap{grid-template-columns:minmax(0, 1fr);}}<\/style><div class=\"kb-row-layout-wrap kb-row-layout-id5554_a50187-7b alignnone wp-block-kadence-rowlayout\"><div class=\"kt-row-column-wrap kt-has-2-columns kt-row-layout-equal kt-tab-layout-inherit kt-mobile-layout-row kt-row-valign-top\">\n<style>.kadence-column5554_609232-a4 > .kt-inside-inner-col,.kadence-column5554_609232-a4 > .kt-inside-inner-col:before{border-top-left-radius:0px;border-top-right-radius:0px;border-bottom-right-radius:0px;border-bottom-left-radius:0px;}.kadence-column5554_609232-a4 > .kt-inside-inner-col{column-gap:var(--global-kb-gap-sm, 1rem);}.kadence-column5554_609232-a4 > .kt-inside-inner-col{flex-direction:column;}.kadence-column5554_609232-a4 > .kt-inside-inner-col > .aligncenter{width:100%;}.kadence-column5554_609232-a4 > .kt-inside-inner-col:before{opacity:0.3;}.kadence-column5554_609232-a4{position:relative;}@media all and (max-width: 1024px){.kadence-column5554_609232-a4 > .kt-inside-inner-col{flex-direction:column;justify-content:center;}}@media all and (max-width: 767px){.kadence-column5554_609232-a4 > .kt-inside-inner-col{flex-direction:column;justify-content:center;}}<\/style>\n<div class=\"wp-block-kadence-column kadence-column5554_609232-a4\"><div class=\"kt-inside-inner-col\"><style>.kb-row-layout-id5554_dc84e1-15 > .kt-row-column-wrap{align-content:start;}:where(.kb-row-layout-id5554_dc84e1-15 > .kt-row-column-wrap) > .wp-block-kadence-column{justify-content:start;}.kb-row-layout-id5554_dc84e1-15 > .kt-row-column-wrap{column-gap:var(--global-kb-gap-md, 2rem);row-gap:var(--global-kb-gap-md, 2rem);padding-top:var(--global-kb-spacing-sm, 1.5rem);padding-bottom:var(--global-kb-spacing-sm, 1.5rem);min-height:654px;grid-template-columns:minmax(0, 1fr);}.kb-row-layout-id5554_dc84e1-15{background-image:url('https:\/\/2alpes-snowboardschool.com\/wp-content\/uploads\/2025\/07\/DSC7087-scaled.jpg');background-size:cover;background-position:center center;background-attachment:scroll;background-repeat:no-repeat;}.kb-row-layout-id5554_dc84e1-15 > .kt-row-layout-overlay{opacity:0.30;}@media all and (max-width: 1024px){.kb-row-layout-id5554_dc84e1-15 > .kt-row-column-wrap{grid-template-columns:minmax(0, 1fr);}}@media all and (max-width: 767px){.kb-row-layout-id5554_dc84e1-15 > .kt-row-column-wrap{grid-template-columns:minmax(0, 1fr);}.kb-row-layout-id5554_dc84e1-15{display:none !important;}}<\/style><div class=\"kb-row-layout-wrap kb-row-layout-id5554_dc84e1-15 alignnone kb-v-sm-hidden kt-row-has-bg wp-block-kadence-rowlayout\"><div class=\"kt-row-column-wrap kt-has-1-columns kt-row-layout-equal kt-tab-layout-inherit kt-mobile-layout-row kt-row-valign-top\">\n<style>.kadence-column5554_8b889b-6a > .kt-inside-inner-col,.kadence-column5554_8b889b-6a > .kt-inside-inner-col:before{border-top-left-radius:0px;border-top-right-radius:0px;border-bottom-right-radius:0px;border-bottom-left-radius:0px;}.kadence-column5554_8b889b-6a > .kt-inside-inner-col{column-gap:var(--global-kb-gap-sm, 1rem);}.kadence-column5554_8b889b-6a > .kt-inside-inner-col{flex-direction:column;}.kadence-column5554_8b889b-6a > .kt-inside-inner-col > .aligncenter{width:100%;}.kadence-column5554_8b889b-6a > .kt-inside-inner-col:before{opacity:0.3;}.kadence-column5554_8b889b-6a{position:relative;}@media all and (max-width: 1024px){.kadence-column5554_8b889b-6a > .kt-inside-inner-col{flex-direction:column;justify-content:center;}}@media all and (max-width: 767px){.kadence-column5554_8b889b-6a > .kt-inside-inner-col{flex-direction:column;justify-content:center;}}<\/style>\n<div class=\"wp-block-kadence-column kadence-column5554_8b889b-6a\"><div class=\"kt-inside-inner-col\"><\/div><\/div>\n\n<\/div><\/div><\/div><\/div>\n\n\n<style>.kadence-column5554_e39c0b-13 > .kt-inside-inner-col,.kadence-column5554_e39c0b-13 > .kt-inside-inner-col:before{border-top-left-radius:0px;border-top-right-radius:0px;border-bottom-right-radius:0px;border-bottom-left-radius:0px;}.kadence-column5554_e39c0b-13 > .kt-inside-inner-col{column-gap:var(--global-kb-gap-sm, 1rem);}.kadence-column5554_e39c0b-13 > .kt-inside-inner-col{flex-direction:column;}.kadence-column5554_e39c0b-13 > .kt-inside-inner-col > .aligncenter{width:100%;}.kadence-column5554_e39c0b-13 > .kt-inside-inner-col:before{opacity:0.3;}.kadence-column5554_e39c0b-13{position:relative;}@media all and (max-width: 1024px){.kadence-column5554_e39c0b-13 > .kt-inside-inner-col{flex-direction:column;justify-content:center;}}@media all and (max-width: 767px){.kadence-column5554_e39c0b-13 > .kt-inside-inner-col{flex-direction:column;justify-content:center;}}<\/style>\n<div class=\"wp-block-kadence-column kadence-column5554_e39c0b-13\"><div class=\"kt-inside-inner-col\">\n<h1 class=\"wp-block-heading\"><strong>Payment Confirmed!<\/strong><\/h1>\n\n\n\n<p class=\"has--font-size\">Thank you for your trust!<br>Your payment has been successfully validated and your spot is now guaranteed.<\/p>\n\n\n\n<p>You\u2019ll receive a confirmation email in a few moments with all the details of your session (dates, times, meeting point, practical information\u2026).<\/p>\n\n\n\n<p class=\"has-link-color wp-elements-328bdc2846f8caf76dc3c3ebb8bf46db\">If you have any questions or want to prepare your session with us, you can contact us anytime <a href=\"https:\/\/2alpes-snowboardschool.com\/en\/home\/contact\/\" data-type=\"page\" data-id=\"2638\"><mark style=\"background-color:rgba(0, 0, 0, 0)\" class=\"has-inline-color has-theme-palette-1-color\">on this page<\/mark><\/a>.<\/p>\n\n\n\n<p class=\"has--font-size\">We can\u2019t wait to see you back on the snow!<\/p>\n<\/div><\/div>\n\n<\/div><\/div>\n\n<style>.wp-block-kadence-spacer.kt-block-spacer-5554_85dd5d-4a .kt-block-spacer{height:60px;}.wp-block-kadence-spacer.kt-block-spacer-5554_85dd5d-4a .kt-divider{border-top-width:1px;height:1px;border-top-color:#eee;width:80%;border-top-style:solid;}<\/style>\n<div class=\"wp-block-kadence-spacer aligncenter kt-block-spacer-5554_85dd5d-4a\"><div class=\"kt-block-spacer kt-block-spacer-halign-center\"><\/div><\/div>\n\n\n\n<p><\/p>","protected":false},"excerpt":{"rendered":"<p>Paiement confirm\u00e9 ! Merci pour ta confiance !Ton paiement a bien \u00e9t\u00e9 valid\u00e9 et ta place est d\u00e9sormais garantie. Tu vas recevoir d\u2019ici quelques instants un e-mail de confirmation contenant tous les d\u00e9tails de ta session (dates, horaires, lieu de rendez-vous, infos pratiques\u2026). Si tu as la moindre question ou envie de pr\u00e9parer ta session&#8230;<\/p>","protected":false},"author":1,"featured_media":0,"parent":0,"menu_order":0,"comment_status":"closed","ping_status":"closed","template":"","meta":{"_kad_post_transparent":"","_kad_post_title":"","_kad_post_layout":"","_kad_post_sidebar_id":"","_kad_post_content_style":"","_kad_post_vertical_padding":"","_kad_post_feature":"","_kad_post_feature_position":"","_kad_post_header":false,"_kad_post_footer":false,"_kad_post_classname":"","footnotes":""},"class_list":["post-5554","page","type-page","status-publish","hentry"],"pbg_featured_image_src":{"full":false,"thumbnail":false,"medium":false,"medium_large":false,"large":false,"1536x1536":false,"2048x2048":false,"trp-custom-language-flag":false},"pbg_author_info":{"display_name":"S\u00e9bastien","author_link":"https:\/\/2alpes-snowboardschool.com\/en\/author\/sebastien-devillers74gmail-com\/","author_img":"<img alt='S\u00e9bastien' src='https:\/\/secure.gravatar.com\/avatar\/dc7b915571cb88b73228a97cde4f26aa66c84fe954f768c9997fbb0d14f1ef43?s=128&#038;d=mm&#038;r=g' srcset='https:\/\/secure.gravatar.com\/avatar\/dc7b915571cb88b73228a97cde4f26aa66c84fe954f768c9997fbb0d14f1ef43?s=256&#038;d=mm&#038;r=g 2x' class='avatar avatar-128 photo' height='128' width='128' loading='lazy' decoding='async'\/>"},"pbg_comment_info":" No Comments","pbg_excerpt":"Paiement confirm\u00e9 ! Merci pour ta confiance !Ton paiement a bien \u00e9t\u00e9 valid\u00e9 et ta place est d\u00e9sormais garantie. Tu vas recevoir d\u2019ici quelques instants un e-mail de confirmation contenant tous les d\u00e9tails de ta session (dates, horaires, lieu de rendez-vous, infos pratiques\u2026). Si tu as la moindre question ou envie de pr\u00e9parer ta session...","_links":{"self":[{"href":"https:\/\/2alpes-snowboardschool.com\/en\/wp-json\/wp\/v2\/pages\/5554","targetHints":{"allow":["GET"]}}],"collection":[{"href":"https:\/\/2alpes-snowboardschool.com\/en\/wp-json\/wp\/v2\/pages"}],"about":[{"href":"https:\/\/2alpes-snowboardschool.com\/en\/wp-json\/wp\/v2\/types\/page"}],"author":[{"embeddable":true,"href":"https:\/\/2alpes-snowboardschool.com\/en\/wp-json\/wp\/v2\/users\/1"}],"replies":[{"embeddable":true,"href":"https:\/\/2alpes-snowboardschool.com\/en\/wp-json\/wp\/v2\/comments?post=5554"}],"version-history":[{"count":13,"href":"https:\/\/2alpes-snowboardschool.com\/en\/wp-json\/wp\/v2\/pages\/5554\/revisions"}],"predecessor-version":[{"id":5570,"href":"https:\/\/2alpes-snowboardschool.com\/en\/wp-json\/wp\/v2\/pages\/5554\/revisions\/5570"}],"wp:attachment":[{"href":"https:\/\/2alpes-snowboardschool.com\/en\/wp-json\/wp\/v2\/media?parent=5554"}],"curies":[{"name":"wp","href":"https:\/\/api.w.org\/{rel}","templated":true}]}}